{"id":341,"date":"2017-10-12T17:59:00","date_gmt":"2017-10-12T15:59:00","guid":{"rendered":"http:\/\/www.indianaventurespro.com\/?page_id=341"},"modified":"2024-04-23T13:35:07","modified_gmt":"2024-04-23T11:35:07","slug":"home","status":"publish","type":"page","link":"https:\/\/indianaventurespro.com\/es\/","title":{"rendered":"Construcci\u00f3n y explotaci\u00f3n de lugares tur\u00edsticos"},"content":{"rendered":"","protected":false},"excerpt":{"rendered":"","protected":false},"author":4,"featured_media":0,"parent":0,"menu_order":0,"comment_status":"closed","ping_status":"closed","template":"page-templates\/page_home.php","meta":{"_acf_changed":false,"footnotes":""},"acf":[],"_links":{"self":[{"href":"https:\/\/indianaventurespro.com\/es\/wp-json\/wp\/v2\/pages\/341"}],"collection":[{"href":"https:\/\/indianaventurespro.com\/es\/wp-json\/wp\/v2\/pages"}],"about":[{"href":"https:\/\/indianaventurespro.com\/es\/wp-json\/wp\/v2\/types\/page"}],"author":[{"embeddable":true,"href":"https:\/\/indianaventurespro.com\/es\/wp-json\/wp\/v2\/users\/4"}],"replies":[{"embeddable":true,"href":"https:\/\/indianaventurespro.com\/es\/wp-json\/wp\/v2\/comments?post=341"}],"version-history":[{"count":12,"href":"https:\/\/indianaventurespro.com\/es\/wp-json\/wp\/v2\/pages\/341\/revisions"}],"predecessor-version":[{"id":907,"href":"https:\/\/indianaventurespro.com\/es\/wp-json\/wp\/v2\/pages\/341\/revisions\/907"}],"wp:attachment":[{"href":"https:\/\/indianaventurespro.com\/es\/wp-json\/wp\/v2\/media?parent=341"}],"curies":[{"name":"wp","href":"https:\/\/api.w.org\/{rel}","templated":true}]}}